{"id":48,"date":"2025-05-18T13:00:15","date_gmt":"2025-05-18T13:00:15","guid":{"rendered":"https:\/\/powrotdojedni.pl\/?page_id=48"},"modified":"2025-05-18T13:00:15","modified_gmt":"2025-05-18T13:00:15","slug":"nota-autorska-informacje-o-prawach-autorskich","status":"publish","type":"page","link":"https:\/\/powrotdojedni.pl\/index.php\/nota-autorska-informacje-o-prawach-autorskich\/","title":{"rendered":"Nota autorska (Informacje o prawach autorskich)"},"content":{"rendered":"\n<p>Serwis powrotdojedni.pl oraz wszystkie jego elementy podlegaj\u0105 ochronie wynikaj\u0105cej z przepis\u00f3w o prawie autorskim i prawach pokrewnych. W celu zapewnienia pe\u0142nej przejrzysto\u015bci w zakresie praw autorskich, Administrator przedstawia poni\u017csze informacje i zastrze\u017cenia:<\/p>\n\n\n\n<p>Autorskie materia\u0142y: O ile nie wskazano inaczej, wszystkie teksty, grafiki, zdj\u0119cia, nagrania audio\/wideo i inne materia\u0142y opublikowane w Serwisie s\u0105 autorstwa Administratora (w\u0142a\u015bciciela strony). Oznacza to, \u017ce przys\u0142uguj\u0105 mu pe\u0142ne autorskie prawa osobiste i maj\u0105tkowe do tych utwor\u00f3w.<\/p>\n\n\n\n<p>Brak materia\u0142\u00f3w zewn\u0119trznych: Serwis nie zawiera utwor\u00f3w zewn\u0119trznych ani grafik nale\u017c\u0105cych do innych autor\u00f3w bez zgody lub licencji. Tre\u015bci publikowane s\u0105 oryginalne, ewentualnie inspirowane og\u00f3lnodost\u0119pn\u0105 wiedz\u0105 duchow\u0105, jednak pisane w\u0142asnymi s\u0142owami autora. W przypadku, gdy na stronie pojawi si\u0119 cytat, fragment cudzej publikacji lub obca grafika, b\u0119dzie to ka\u017cdorazowo wyra\u017anie oznaczone (podane zostanie \u017ar\u00f3d\u0142o, autor oraz podstawa prawna u\u017cycia, np. licencja).<\/p>\n\n\n\n<p>Wszelkie prawa zastrze\u017cone: Materia\u0142y dost\u0119pne na stronie mo\u017cna przegl\u0105da\u0107, odtwarza\u0107 na w\u0142asnym urz\u0105dzeniu oraz drukowa\u0107 na u\u017cytek osobisty. Jednak zakazane jest ich dalsze rozpowszechnianie, kopiowanie, publiczne odtwarzanie, modyfikowanie czy wykorzystywanie w celach komercyjnych bez uprzedniej, wyra\u017anej zgody Administratora udzielonej na pi\u015bmie. Wykorzystanie utwor\u00f3w w innym zakresie ni\u017c dozwolony u\u017cytkiem prywatnym bez zgody w\u0142a\u015bciciela praw jest naruszeniem przepis\u00f3w prawa autorskiego.<\/p>\n\n\n\n<p>Prawo cytatu: Administrator szanuje prawo innych do cytowania tre\u015bci zgodnie z art. 29 ustawy o prawie autorskim. Dozwolone jest zamieszczanie cytat\u00f3w z materia\u0142\u00f3w zamieszczonych w Serwisie w innych publikacjach (np. w Internecie, prasie, pracach naukowych) pod warunkiem, \u017ce cytat jest uzasadniony celem (np. analiza, krytyka, cel naukowy lub dydaktyczny) oraz zostanie podane \u017ar\u00f3d\u0142o cytatu wraz z nazw\u0105 strony &#8222;Powr\u00f3t do Jedni&#8221; i imieniem\/nickiem autora (je\u017celi jest ujawniony). Cytowanie nie mo\u017ce wykracza\u0107 poza ramy okre\u015blone prawem (tzn. musi by\u0107 to stosunkowo niewielki fragment w stosunku do ca\u0142o\u015bci cytowanej tre\u015bci).<\/p>\n\n\n\n<p>Zakaz plagiatu i agregacji tre\u015bci: Kategorycznie zabronione jest przejmowanie (kopiowanie) ca\u0142o\u015bci lub istotnej cz\u0119\u015bci tre\u015bci Serwisu i publikowanie jej w innych miejscach (np. na innych stronach internetowych, forach, mediach spo\u0142eczno\u015bciowych) pod w\u0142asnym nazwiskiem lub pseudonimem. Takie dzia\u0142anie stanowi plagiat i naruszenie praw autorskich. Dotyczy to r\u00f3wnie\u017c t\u0142umaczenia tre\u015bci na inne j\u0119zyki bez zgody Administratora. Je\u017celi U\u017cytkownik pragnie podzieli\u0107 si\u0119 materia\u0142ami z Serwisu z szerszym gronem, zaleca si\u0119 udost\u0119pnienie linku kieruj\u0105cego do strony \u017ar\u00f3d\u0142owej.<\/p>\n\n\n\n<p>Prawa osobiste autora: Administrator zastrzega swoje autorskie prawa osobiste do utwor\u00f3w zawartych w Serwisie, w tym prawo do oznaczania utworu pseudonimem lub pozostania anonimowym, nienaruszalno\u015b\u0107 tre\u015bci i formy utworu oraz rzetelnego wykorzystania. Jakiekolwiek wykorzystanie tre\u015bci Serwisu nie mo\u017ce narusza\u0107 tych praw (np. poprzez wprowadzanie zmian zniekszta\u0142caj\u0105cych sens wypowiedzi).<\/p>\n\n\n\n<p>Zgoda na wykorzystanie: Wszelkie pro\u015bby o zgod\u0119 na wykorzystanie materia\u0142\u00f3w z Serwisu (wykraczaj\u0105ce poza dozwolony u\u017cytek i cytat) nale\u017cy kierowa\u0107 na adres e-mail Administratora: kontakt@powrotdojedni.pl. W wiadomo\u015bci nale\u017cy wskaza\u0107, kt\u00f3re konkretnie tre\u015bci mia\u0142yby zosta\u0107 wykorzystane i w jakim zakresie. Brak odpowiedzi lub odmowa oznacza, \u017ce nie wolno wykorzystywa\u0107 danego materia\u0142u. Uzyskanie wyra\u017anej zgody jest r\u00f3wnoznaczne z zawarciem stosownej licencji lub umowy okre\u015blaj\u0105cej warunki wykorzystania utworu.<\/p>\n\n\n\n<p>Naruszenie praw autorskich: W przypadku stwierdzenia, \u017ce jakiekolwiek tre\u015bci z Serwisu Powr\u00f3t do Jedni zosta\u0142y wykorzystane z naruszeniem niniejszej Noty autorskiej lub obowi\u0105zuj\u0105cych przepis\u00f3w prawa (np. bez zgody, bez podania \u017ar\u00f3d\u0142a, w szerszym zakresie ni\u017c dozwolony prawem), Administrator zastrzega sobie prawo do podj\u0119cia stosownych krok\u00f3w prawnych w celu ochrony swoich praw. Mo\u017ce to obejmowa\u0107 \u017c\u0105danie zaprzestania dalszego naruszania, usuni\u0119cia bezprawnie opublikowanych materia\u0142\u00f3w, jak r\u00f3wnie\u017c dochodzenie roszcze\u0144 odszkodowawczych i zado\u015b\u0107uczynienia na drodze cywilnej, a w razie ra\u017c\u0105cych narusze\u0144 \u2013 zawiadomienie organ\u00f3w \u015bcigania o mo\u017cliwo\u015bci pope\u0142nienia przest\u0119pstwa z art. 115 ustawy o prawie autorskim (plagiat).<\/p>\n\n\n\n<p>Tre\u015bci nieobj\u0119te prawem autorskim: Je\u015bli w Serwisie publikowane s\u0105 informacje, kt\u00f3re nie stanowi\u0105 przedmiotu prawa autorskiego (np. kr\u00f3tkie cytaty typu sentencje, obj\u0119te domen\u0105 publiczn\u0105, fakty, idee niechronione prawem autorskim), zostanie to zaznaczone w tek\u015bcie lub wynika z charakteru takiej informacji. Administrator dok\u0142ada stara\u0144, by nie narusza\u0107 praw os\u00f3b trzecich i oczekuje tego samego od U\u017cytkownik\u00f3w.<\/p>\n\n\n\n<p>Niniejsza Nota autorska ma na celu ochron\u0119 praw tw\u00f3rcy tre\u015bci zawartych na stronie Powr\u00f3t do Jedni oraz poinformowanie U\u017cytkownik\u00f3w o zasadach korzystania z tych tre\u015bci. Uszanowanie powy\u017cszych postanowie\u0144 s\u0142u\u017cy budowaniu uczciwej i bezpiecznej przestrzeni w Internecie, gdzie tw\u00f3rczo\u015b\u0107 jest chroniona, a jednocze\u015bnie mo\u017cliwe jest kulturalne dzielenie si\u0119 wiedz\u0105 i inspiracjami. Dzi\u0119kujemy za respektowanie praw autorskich i zasad opisanych powy\u017cej.<\/p>\n","protected":false},"excerpt":{"rendered":"<p>Serwis powrotdojedni.pl oraz wszystkie jego elementy podlegaj\u0105 ochronie wynikaj\u0105cej z przepis\u00f3w o prawie autorskim i prawach pokrewnych. W celu zapewnienia pe\u0142nej przejrzysto\u015bci w zakresie praw autorskich, Administrator przedstawia poni\u017csze informacje i zastrze\u017cenia: Autorskie materia\u0142y: O ile nie wskazano inaczej, wszystkie teksty, grafiki, zdj\u0119cia, nagrania audio\/wideo i inne materia\u0142y opublikowane w Serwisie s\u0105 autorstwa Administratora (w\u0142a\u015bciciela [&hellip;]<\/p>\n","protected":false},"author":1,"featured_media":0,"parent":0,"menu_order":0,"comment_status":"closed","ping_status":"closed","template":"","meta":{"footnotes":""},"class_list":["post-48","page","type-page","status-publish","hentry"],"_links":{"self":[{"href":"https:\/\/powrotdojedni.pl\/index.php\/wp-json\/wp\/v2\/pages\/48","targetHints":{"allow":["GET"]}}],"collection":[{"href":"https:\/\/powrotdojedni.pl\/index.php\/wp-json\/wp\/v2\/pages"}],"about":[{"href":"https:\/\/powrotdojedni.pl\/index.php\/wp-json\/wp\/v2\/types\/page"}],"author":[{"embeddable":true,"href":"https:\/\/powrotdojedni.pl\/index.php\/wp-json\/wp\/v2\/users\/1"}],"replies":[{"embeddable":true,"href":"https:\/\/powrotdojedni.pl\/index.php\/wp-json\/wp\/v2\/comments?post=48"}],"version-history":[{"count":1,"href":"https:\/\/powrotdojedni.pl\/index.php\/wp-json\/wp\/v2\/pages\/48\/revisions"}],"predecessor-version":[{"id":49,"href":"https:\/\/powrotdojedni.pl\/index.php\/wp-json\/wp\/v2\/pages\/48\/revisions\/49"}],"wp:attachment":[{"href":"https:\/\/powrotdojedni.pl\/index.php\/wp-json\/wp\/v2\/media?parent=48"}],"curies":[{"name":"wp","href":"https:\/\/api.w.org\/{rel}","templated":true}]}}