{"id":39,"date":"2025-05-18T12:45:59","date_gmt":"2025-05-18T12:45:59","guid":{"rendered":"https:\/\/powrotdojedni.pl\/?page_id=39"},"modified":"2025-05-18T12:45:59","modified_gmt":"2025-05-18T12:45:59","slug":"oswiadczenie-duchowe","status":"publish","type":"page","link":"https:\/\/powrotdojedni.pl\/index.php\/oswiadczenie-duchowe\/","title":{"rendered":"O\u015bwiadczenie duchowe"},"content":{"rendered":"\n<p>Strona internetowa Powr\u00f3t do Jedni ma charakter osobisty i duchowy. Prezentowane tre\u015bci odzwierciedlaj\u0105 subiektywne do\u015bwiadczenia, przemy\u015blenia i przekonania autora, udost\u0119pniane czytelnikom w dobrej wierze, w celach inspiracyjnych i refleksyjnych. Nie s\u0105 to porady zawodowe (medyczne, psychologiczne, prawne ani jakiekolwiek inne) ani oficjalne stanowisko \u017cadnej instytucji czy doktryny religijnej. Autor zastrzega, \u017ce interpretacja tre\u015bci ma charakter indywidualny \u2013 ka\u017cdy odbiorca mo\u017ce rozumie\u0107 je na sw\u00f3j spos\u00f3b i wyci\u0105ga\u0107 w\u0142asne wnioski.Autor nie ponosi odpowiedzialno\u015bci za spos\u00f3b wykorzystania lub interpretacji tre\u015bci przez czytelnik\u00f3w. Wszelkie decyzje \u017cyciowe, duchowe czy inne, podj\u0119te pod wp\u0142ywem lektury strony, u\u017cytkownik podejmuje na w\u0142asn\u0105 odpowiedzialno\u015b\u0107 i ryzyko. Je\u015bli przedstawione materia\u0142y wywo\u0142uj\u0105 u czytelnika silne emocje, w\u0105tpliwo\u015bci natury duchowej lub psychicznej, zaleca si\u0119 skonsultowanie si\u0119 z odpowiednim specjalist\u0105 lub doradc\u0105 duchowym w swojej indywidualnej sprawie.Strona nie ma na celu nawracania, przekonywania ani kwestionowania indywidualnych wierze\u0144 odbiorc\u00f3w. Tre\u015bci mog\u0105 zawiera\u0107 elementy symboliczne czy metaforyczne \u2013 nie nale\u017cy traktowa\u0107 ich dos\u0142ownie jako instrukcji post\u0119powania. Autor dok\u0142ada stara\u0144, by tre\u015bci by\u0142y warto\u015bciowe i zgodne z jego najlepsz\u0105 wiedz\u0105 oraz intencjami, jednak nie gwarantuje ich pe\u0142nej aktualno\u015bci, kompletno\u015bci ani przydatno\u015bci dla ka\u017cdego odbiorcy.Korzystaj\u0105c ze strony Powr\u00f3t do Jedni, u\u017cytkownik przyjmuje do wiadomo\u015bci powy\u017csze o\u015bwiadczenie i zgadza si\u0119, \u017ce tre\u015bci maj\u0105 charakter osobisty i duchowy. Serwis jest niekomercyjny i nie oferuje us\u0142ug doradczych \u2013 jest to przestrze\u0144 dzielenia si\u0119 w\u0142asn\u0105 drog\u0105 duchow\u0105 autora. W przypadku braku akceptacji dla powy\u017cszych za\u0142o\u017ce\u0144, prosimy o niekorzystanie ze strony.<\/p>\n","protected":false},"excerpt":{"rendered":"<p>Strona internetowa Powr\u00f3t do Jedni ma charakter osobisty i duchowy. Prezentowane tre\u015bci odzwierciedlaj\u0105 subiektywne do\u015bwiadczenia, przemy\u015blenia i przekonania autora, udost\u0119pniane czytelnikom w dobrej wierze, w celach inspiracyjnych i refleksyjnych. Nie s\u0105 to porady zawodowe (medyczne, psychologiczne, prawne ani jakiekolwiek inne) ani oficjalne stanowisko \u017cadnej instytucji czy doktryny religijnej. Autor zastrzega, \u017ce interpretacja tre\u015bci ma charakter [&hellip;]<\/p>\n","protected":false},"author":1,"featured_media":0,"parent":0,"menu_order":0,"comment_status":"closed","ping_status":"closed","template":"","meta":{"footnotes":""},"class_list":["post-39","page","type-page","status-publish","hentry"],"_links":{"self":[{"href":"https:\/\/powrotdojedni.pl\/index.php\/wp-json\/wp\/v2\/pages\/39","targetHints":{"allow":["GET"]}}],"collection":[{"href":"https:\/\/powrotdojedni.pl\/index.php\/wp-json\/wp\/v2\/pages"}],"about":[{"href":"https:\/\/powrotdojedni.pl\/index.php\/wp-json\/wp\/v2\/types\/page"}],"author":[{"embeddable":true,"href":"https:\/\/powrotdojedni.pl\/index.php\/wp-json\/wp\/v2\/users\/1"}],"replies":[{"embeddable":true,"href":"https:\/\/powrotdojedni.pl\/index.php\/wp-json\/wp\/v2\/comments?post=39"}],"version-history":[{"count":1,"href":"https:\/\/powrotdojedni.pl\/index.php\/wp-json\/wp\/v2\/pages\/39\/revisions"}],"predecessor-version":[{"id":40,"href":"https:\/\/powrotdojedni.pl\/index.php\/wp-json\/wp\/v2\/pages\/39\/revisions\/40"}],"wp:attachment":[{"href":"https:\/\/powrotdojedni.pl\/index.php\/wp-json\/wp\/v2\/media?parent=39"}],"curies":[{"name":"wp","href":"https:\/\/api.w.org\/{rel}","templated":true}]}}