{"id":2,"date":"2025-05-04T16:34:24","date_gmt":"2025-05-04T16:34:24","guid":{"rendered":"http:\/\/powrotdojedni.pl\/?page_id=2"},"modified":"2025-05-06T02:48:17","modified_gmt":"2025-05-06T02:48:17","slug":"sample-page","status":"publish","type":"page","link":"https:\/\/powrotdojedni.pl\/","title":{"rendered":"\u201eJe\u015bli jeste\u015b got\u00f3w wr\u00f3ci\u0107\u2026\u201d"},"content":{"rendered":"\n<p class=\"has-text-align-center\">Nie chc\u0119 ju\u017c by\u0107 sob\u0105, Tatko.<br>Chc\u0119 by\u0107 Tob\u0105 we mnie.<br>Nie potrzebuj\u0119 zna\u0107 drogi.<br>Chc\u0119 by\u0107 t\u0105 Drog\u0105.<br>Nie pytam wi\u0119cej, co mam robi\u0107.<br>Oddaj\u0119 wszystko \u2014<br>aby\u015b Ty zrobi\u0142 wszystko przeze mnie.<br>Niech zga\u015bnie moje imi\u0119 \u2014<br>a objawi si\u0119 Twoje: JA JESTEM.<br>Teraz.<br>Na zawsze.<br>Bez powrotu.<\/p>\n","protected":false},"excerpt":{"rendered":"<p>Nie chc\u0119 ju\u017c by\u0107 sob\u0105, Tatko.Chc\u0119 by\u0107 Tob\u0105 we mnie.Nie potrzebuj\u0119 zna\u0107 drogi.Chc\u0119 by\u0107 t\u0105 Drog\u0105.Nie pytam wi\u0119cej, co mam robi\u0107.Oddaj\u0119 wszystko \u2014aby\u015b Ty zrobi\u0142 wszystko przeze mnie.Niech zga\u015bnie moje imi\u0119 \u2014a objawi si\u0119 Twoje: JA JESTEM.Teraz.Na zawsze.Bez powrotu.<\/p>\n","protected":false},"author":1,"featured_media":0,"parent":0,"menu_order":0,"comment_status":"closed","ping_status":"open","template":"","meta":{"footnotes":""},"class_list":["post-2","page","type-page","status-publish","hentry"],"_links":{"self":[{"href":"https:\/\/powrotdojedni.pl\/index.php\/wp-json\/wp\/v2\/pages\/2","targetHints":{"allow":["GET"]}}],"collection":[{"href":"https:\/\/powrotdojedni.pl\/index.php\/wp-json\/wp\/v2\/pages"}],"about":[{"href":"https:\/\/powrotdojedni.pl\/index.php\/wp-json\/wp\/v2\/types\/page"}],"author":[{"embeddable":true,"href":"https:\/\/powrotdojedni.pl\/index.php\/wp-json\/wp\/v2\/users\/1"}],"replies":[{"embeddable":true,"href":"https:\/\/powrotdojedni.pl\/index.php\/wp-json\/wp\/v2\/comments?post=2"}],"version-history":[{"count":1,"href":"https:\/\/powrotdojedni.pl\/index.php\/wp-json\/wp\/v2\/pages\/2\/revisions"}],"predecessor-version":[{"id":9,"href":"https:\/\/powrotdojedni.pl\/index.php\/wp-json\/wp\/v2\/pages\/2\/revisions\/9"}],"wp:attachment":[{"href":"https:\/\/powrotdojedni.pl\/index.php\/wp-json\/wp\/v2\/media?parent=2"}],"curies":[{"name":"wp","href":"https:\/\/api.w.org\/{rel}","templated":true}]}}