{"id":16,"date":"2025-05-17T21:34:17","date_gmt":"2025-05-17T21:34:17","guid":{"rendered":"https:\/\/powrotdojedni.pl\/?page_id=16"},"modified":"2025-05-17T22:09:55","modified_gmt":"2025-05-17T22:09:55","slug":"deklaracja-dostepnosci","status":"publish","type":"page","link":"https:\/\/powrotdojedni.pl\/index.php\/privacy-policy\/deklaracja-dostepnosci\/","title":{"rendered":"Deklaracja dost\u0119pno\u015bci"},"content":{"rendered":"\n<h2 class=\"wp-block-heading\">Deklaracja dost\u0119pno\u015bci<\/h2>\n\n\n\n<p>Strona internetowa <strong>powrotdojedni.pl<\/strong> zobowi\u0105zuje si\u0119 zapewni\u0107 dost\u0119pno\u015b\u0107 cyfrow\u0105 zgodnie z Dyrektyw\u0105 (UE) 2019\/882 oraz zasadami WCAG 2.1 na poziomie AA.<\/p>\n\n\n\n<p>Dok\u0142adamy stara\u0144, aby wszystkie tre\u015bci by\u0142y zrozumia\u0142e, dost\u0119pne i mo\u017cliwe do odczytu dla ka\u017cdego \u2013 r\u00f3wnie\u017c os\u00f3b z niepe\u0142nosprawno\u015bciami.<\/p>\n\n\n\n<h3 class=\"wp-block-heading\">Kontakt w sprawie dost\u0119pno\u015bci:<\/h3>\n\n\n\n<ul class=\"wp-block-list\">\n<li><strong>E-mail:<\/strong> kontakt@powrotdojedni.pl<\/li>\n\n\n\n<li><strong>Data aktualizacji deklaracji:<\/strong> 17.05.2025<\/li>\n<\/ul>\n\n\n\n<p class=\"has-foreground-color has-background-background-color has-text-color has-background has-link-color wp-elements-53d5fa72a7335bdd92b23c85da56550d\">Postaramy si\u0119 odpowiedzie\u0107 w ci\u0105gu 7 dni. Je\u017celi nie otrzymasz odpowiedzi lub b\u0119dzie ona niesatysfakcjonuj\u0105ca, mo\u017cesz zg\u0142osi\u0107 spraw\u0119 do organu nadzoruj\u0105cego: Urz\u0105d ds. Dost\u0119pno\u015bci Cyfrowej.<\/p>\n","protected":false},"excerpt":{"rendered":"<p>Deklaracja dost\u0119pno\u015bci Strona internetowa powrotdojedni.pl zobowi\u0105zuje si\u0119 zapewni\u0107 dost\u0119pno\u015b\u0107 cyfrow\u0105 zgodnie z Dyrektyw\u0105 (UE) 2019\/882 oraz zasadami WCAG 2.1 na poziomie AA. Dok\u0142adamy stara\u0144, aby wszystkie tre\u015bci by\u0142y zrozumia\u0142e, dost\u0119pne i mo\u017cliwe do odczytu dla ka\u017cdego \u2013 r\u00f3wnie\u017c os\u00f3b z niepe\u0142nosprawno\u015bciami. Kontakt w sprawie dost\u0119pno\u015bci: Postaramy si\u0119 odpowiedzie\u0107 w ci\u0105gu 7 dni. Je\u017celi nie otrzymasz [&hellip;]<\/p>\n","protected":false},"author":1,"featured_media":0,"parent":3,"menu_order":0,"comment_status":"closed","ping_status":"closed","template":"","meta":{"footnotes":""},"class_list":["post-16","page","type-page","status-publish","hentry"],"_links":{"self":[{"href":"https:\/\/powrotdojedni.pl\/index.php\/wp-json\/wp\/v2\/pages\/16","targetHints":{"allow":["GET"]}}],"collection":[{"href":"https:\/\/powrotdojedni.pl\/index.php\/wp-json\/wp\/v2\/pages"}],"about":[{"href":"https:\/\/powrotdojedni.pl\/index.php\/wp-json\/wp\/v2\/types\/page"}],"author":[{"embeddable":true,"href":"https:\/\/powrotdojedni.pl\/index.php\/wp-json\/wp\/v2\/users\/1"}],"replies":[{"embeddable":true,"href":"https:\/\/powrotdojedni.pl\/index.php\/wp-json\/wp\/v2\/comments?post=16"}],"version-history":[{"count":1,"href":"https:\/\/powrotdojedni.pl\/index.php\/wp-json\/wp\/v2\/pages\/16\/revisions"}],"predecessor-version":[{"id":17,"href":"https:\/\/powrotdojedni.pl\/index.php\/wp-json\/wp\/v2\/pages\/16\/revisions\/17"}],"up":[{"embeddable":true,"href":"https:\/\/powrotdojedni.pl\/index.php\/wp-json\/wp\/v2\/pages\/3"}],"wp:attachment":[{"href":"https:\/\/powrotdojedni.pl\/index.php\/wp-json\/wp\/v2\/media?parent=16"}],"curies":[{"name":"wp","href":"https:\/\/api.w.org\/{rel}","templated":true}]}}