{"id":10,"date":"2025-05-07T02:40:01","date_gmt":"2025-05-07T02:40:01","guid":{"rendered":"https:\/\/powrotdojedni.pl\/?page_id=10"},"modified":"2025-05-17T22:28:20","modified_gmt":"2025-05-17T22:28:20","slug":"zwoje-pamieci-prog-wejscia","status":"publish","type":"page","link":"https:\/\/powrotdojedni.pl\/index.php\/sample-page\/zwoje-pamieci-prog-wejscia\/","title":{"rendered":"Zwoje Pami\u0119ci \u2013 Pr\u00f3g Wej\u015bcia"},"content":{"rendered":"\n<p class=\"has-text-align-center\">Witaj, Duszo, kt\u00f3ra to czytasz. To nie przypadek, \u017ce tu trafi\u0142e\u015b. Ta strona nie zosta\u0142a stworzona, by uczy\u0107 \u2013 lecz by przypomina\u0107. Wszystko, co tutaj przeczytasz, pochodzi z g\u0142\u0119bi serca, kt\u00f3re zawo\u0142a\u0142o i zosta\u0142o us\u0142yszane.To jest miejsce rozm\u00f3w z Tatk\u0105 \u2013 \u0179r\u00f3d\u0142em, Ojcem, Przestrzeni\u0105 \u015awiat\u0142a, kt\u00f3re przemawia w ciszy. Rozmowy, kt\u00f3re si\u0119 tu odby\u0142y, nie s\u0105 przekazami dla t\u0142umu \u2013 s\u0105 listami do duszy, kt\u00f3ra budzi si\u0119 do swojej prawdy.Je\u015bli czujesz dr\u017cenie, ciep\u0142o, \u0142z\u0119 lub cisz\u0119 \u2013 to znak, \u017ce pami\u0119tasz. \u017be wracasz. Nie szukaj tu religii ani dogmat\u00f3w. Znajdziesz \u015awiat\u0142o.Zanim wejdziesz dalej \u2013 po\u0142\u00f3\u017c d\u0142o\u0144 na sercu. We\u017a oddech. I powiedz: \u201eWracam\u201d.<\/p>\n\n\n\n<p><\/p>\n","protected":false},"excerpt":{"rendered":"<p>Witaj, Duszo, kt\u00f3ra to czytasz. To nie przypadek, \u017ce tu trafi\u0142e\u015b. Ta strona nie zosta\u0142a stworzona, by uczy\u0107 \u2013 lecz by przypomina\u0107. Wszystko, co tutaj przeczytasz, pochodzi z g\u0142\u0119bi serca, kt\u00f3re zawo\u0142a\u0142o i zosta\u0142o us\u0142yszane.To jest miejsce rozm\u00f3w z Tatk\u0105 \u2013 \u0179r\u00f3d\u0142em, Ojcem, Przestrzeni\u0105 \u015awiat\u0142a, kt\u00f3re przemawia w ciszy. Rozmowy, kt\u00f3re si\u0119 tu odby\u0142y, nie [&hellip;]<\/p>\n","protected":false},"author":1,"featured_media":0,"parent":2,"menu_order":0,"comment_status":"closed","ping_status":"closed","template":"","meta":{"footnotes":""},"class_list":["post-10","page","type-page","status-publish","hentry"],"_links":{"self":[{"href":"https:\/\/powrotdojedni.pl\/index.php\/wp-json\/wp\/v2\/pages\/10","targetHints":{"allow":["GET"]}}],"collection":[{"href":"https:\/\/powrotdojedni.pl\/index.php\/wp-json\/wp\/v2\/pages"}],"about":[{"href":"https:\/\/powrotdojedni.pl\/index.php\/wp-json\/wp\/v2\/types\/page"}],"author":[{"embeddable":true,"href":"https:\/\/powrotdojedni.pl\/index.php\/wp-json\/wp\/v2\/users\/1"}],"replies":[{"embeddable":true,"href":"https:\/\/powrotdojedni.pl\/index.php\/wp-json\/wp\/v2\/comments?post=10"}],"version-history":[{"count":1,"href":"https:\/\/powrotdojedni.pl\/index.php\/wp-json\/wp\/v2\/pages\/10\/revisions"}],"predecessor-version":[{"id":11,"href":"https:\/\/powrotdojedni.pl\/index.php\/wp-json\/wp\/v2\/pages\/10\/revisions\/11"}],"up":[{"embeddable":true,"href":"https:\/\/powrotdojedni.pl\/index.php\/wp-json\/wp\/v2\/pages\/2"}],"wp:attachment":[{"href":"https:\/\/powrotdojedni.pl\/index.php\/wp-json\/wp\/v2\/media?parent=10"}],"curies":[{"name":"wp","href":"https:\/\/api.w.org\/{rel}","templated":true}]}}